{"id":109,"date":"2025-05-12T10:12:08","date_gmt":"2025-05-12T10:12:08","guid":{"rendered":"https:\/\/rulmed.dk\/?page_id=109"},"modified":"2025-05-12T13:53:12","modified_gmt":"2025-05-12T13:53:12","slug":"danske-handicaporganisationer","status":"publish","type":"page","link":"http:\/\/rulmed.dk\/index.php\/danske-handicaporganisationer\/","title":{"rendered":"Danske Handicaporganisationer"},"content":{"rendered":"\n<h2 class=\"wp-block-heading\"><a href=\"https:\/\/adhd.dk\/\">AADHD-foreningen arbejder for at forbedre forholdene for mennesker med ADHD og deres p\u00e5r\u00f8rende.<\/a><\/h2>\n\n\n\n<h2 class=\"wp-block-heading\"><a href=\"https:\/\/www.astma-allergi.dk\/\">Astma-Allergi Danmark<\/a><\/h2>\n\n\n\n<p>Astma-Allergi Danmark arbejder for, at alle ber\u00f8rt af astma, allergi, h\u00f8feber og eksem f\u00e5r en bedre hverdag<\/p>\n\n\n\n<h1 class=\"wp-block-heading\"><a href=\"https:\/\/www.autismeforeningen.dk\/\">Autismeforeningen<\/a><\/h1>\n\n\n\n<p>Foreningen arbejder for at udbrede kendskab til autisme og forst\u00e5else for de vanskeligheder, autisme medf\u00f8rer.<\/p>\n\n\n\n<h2 class=\"wp-block-heading\"><a href=\"https:\/\/tarmsygdomme.dk\/\">Colitis-Crohn Foreningen<\/a><\/h2>\n\n\n\n<p>Colitis-Crohn Foreningen er en patientforening for tarmsyge med lokalafdelinger over hele landet. De repr\u00e6senterer Crohn&#8217;s sygdom, colitis ulcerosa, mikroskopisk kolit, galdesyrediarre, irritabel tyktarm og andre relaterede tarmsygdomme.<\/p>\n\n\n\n<h1 class=\"wp-block-heading\"><a href=\"https:\/\/www.cpdanmark.dk\/\">CP Danmark &#8211; Landsforeningen for cerebral parese<\/a><\/h1>\n\n\n\n<p>CP Danmark er for alle mennesker med cerebral parese (spastisk lammelse) og deres p\u00e5r\u00f8rende.<\/p>\n\n\n\n<h1 class=\"wp-block-heading\"><a href=\"https:\/\/www.cystiskfibrose.dk\/\">Cystisk Fibrose Foreningen<\/a><\/h1>\n\n\n\n<p>Cystisk Fibrose Foreningen arbejder for et bedre og l\u00e6ngere liv for b\u00f8rn og voksne med cystisk fibrose.<\/p>\n\n\n\n<h1 class=\"wp-block-heading\"><a href=\"https:\/\/www.bloderforeningen.dk\/\">Danmarks Bl\u00f8derforening<\/a><\/h1>\n\n\n\n<p>Det er foreningens m\u00e5l at arbejde for at forbedre forholdene for de ca. 1.000 bl\u00f8dere, som lever i Danmark i dag.<\/p>\n\n\n\n<h1 class=\"wp-block-heading\"><a href=\"https:\/\/blind.dk\/\">Dansk Blindesamfund<\/a><\/h1>\n\n\n\n<p>DBS er interesseorganisationen for mennesker med synshandicap. Sammen udfordrer vi blindhed.<\/p>\n\n\n\n<h1 class=\"wp-block-heading\"><a href=\"https:\/\/coeliaki.dk\/\">Dansk C\u00f8liaki Forening<\/a><\/h1>\n\n\n\n<p>Foreningen er en patientorganisation med omkring 3.000 medlemmer og repr\u00e6senterer personer med c\u00f8liaki og dermatitis herpetiformis samt deres p\u00e5r\u00f8rende.<\/p>\n\n\n\n<h1 class=\"wp-block-heading\"><a href=\"https:\/\/www.danskhandicapforbund.dk\/\">Dansk Handicap Forbund<\/a><\/h1>\n\n\n\n<p>Dansk Handicap Forbund repr\u00e6senterer mennesker med bev\u00e6gelseshandicap i Danmark.<\/p>\n\n\n\n<h1 class=\"wp-block-heading\"><a href=\"https:\/\/www.dlhm.dk\/\">Dansk Landsforening for Hals- og Mundhuleopererede<\/a><\/h1>\n\n\n\n<p>Foreningen har til form\u00e5l at vejlede og r\u00e5dgive laryngectomerede, partielt laryngectomerede, mundhuleopererede, str\u00e5lebehandlede og permanente kanyleb\u00e6rere i forbindelse med operation, revalidering og tvivlssp\u00f8rgsm\u00e5l i forhold til offentlige myndigheder.<\/p>\n\n\n\n<h1 class=\"wp-block-heading\"><a href=\"https:\/\/ddl.dk\/\">Danske D\u00f8ves Landsforbund<\/a><\/h1>\n\n\n\n<p>Danske D\u00f8ves Landsforbund (DDL) er en interesseorganisation, som hver dag k\u00e6mper for tegnsprogstalende d\u00f8ve og h\u00f8reh\u00e6mmedes vilk\u00e5r i samfundet.<\/p>\n\n\n\n<h1 class=\"wp-block-heading\"><a href=\"https:\/\/diabetes.dk\/\">Diabetesforeningen<\/a><\/h1>\n\n\n\n<p>Diabetesforeningen er en interesseorganisation, der siden 1940 har st\u00f8ttet diabetikere. I dag har vi ca. 90.000 medlemmer og er dermed en af Danmarks st\u00f8rste patientforeninger.<\/p>\n\n\n\n<h1 class=\"wp-block-heading\"><a href=\"https:\/\/www.dovblinde.dk\/\">D\u00f8vBlinde Danmark<\/a><\/h1>\n\n\n\n<p>Foreningen D\u00f8vBlinde Danmark er en brugerstyret organisation, der arbejder for bedre forhold for d\u00f8vblinde og synsh\u00f8reh\u00e6mmede i alle livets forhold.<\/p>\n\n\n\n<h1 class=\"wp-block-heading\"><a href=\"https:\/\/www.epilepsiforeningen.dk\/\">Epilepsiforeningen<\/a><\/h1>\n\n\n\n<p>Epilepsiforeningens overordnede form\u00e5l er at arbejde for, at mennesker med epilepsi begr\u00e6nses mindst muligt i deres levevilk\u00e5r.<\/p>\n\n\n\n<h1 class=\"wp-block-heading\"><a href=\"https:\/\/www.fibromyalgi.dk\/\">Fibromyalgi- &amp; Smerteforeningen<\/a><\/h1>\n\n\n\n<p>Foreningen arbejder for de fibromyalgiramte og deres p\u00e5r\u00f8rende. Foreningen ytrer sig i den offentlige debat i forhold til fibromyalgi, det rummelige arbejdsmarked, samt sociale og sundhedsm\u00e6ssige sp\u00f8rgsm\u00e5l.<\/p>\n\n\n\n<h1 class=\"wp-block-heading\"><a href=\"https:\/\/www.gigtforeningen.dk\/\">Gigtforeningen<\/a><\/h1>\n\n\n\n<p>Vi k\u00e6mper for, at mennesker med sygdomme og smerter i led, ryg og muskler f\u00e5r et bedre liv. Tidligere indsats. F\u00e6rre smerter. Mere Styrke.<\/p>\n\n\n\n<h1 class=\"wp-block-heading\"><a href=\"https:\/\/www.hjernesagen.dk\/\">Hjernesagen<\/a><\/h1>\n\n\n\n<p>Hjernesagen er en privat, landsd\u00e6kkende forening for mennesker ramt af blodprop eller bl\u00f8dning i hjernen og deres p\u00e5r\u00f8rende.<\/p>\n\n\n\n<h1 class=\"wp-block-heading\"><a href=\"https:\/\/hjerneskadet.dk\/\">Hjerneskadeforeningen<\/a><\/h1>\n\n\n\n<p>&#8220;Liv der reddes \u2013 skal ogs\u00e5 leves\u201d er foreningens vision og drivkraften i alt hvad vi g\u00f8r.<\/p>\n\n\n\n<h1 class=\"wp-block-heading\"><a href=\"https:\/\/hoereforeningen.dk\/\">H\u00f8reforeningen<\/a><\/h1>\n\n\n\n<p>H\u00f8reforeningen arbejder for at forbedre livsvilk\u00e5rene for mennesker med nedsat h\u00f8relse, tinnitus og meni\u00e8re samt for d\u00f8vblevne og CI-opererede.<\/p>\n\n\n\n<h1 class=\"wp-block-heading\"><a href=\"https:\/\/www.lev.dk\/\">Lev &#8211; livet med udviklingshandicap<\/a><\/h1>\n\n\n\n<p>Lev er en privat landsd\u00e6kkende organisation for mennesker med udviklingshandicap, p\u00e5r\u00f8rende og andre interesserede<\/p>\n\n\n\n<h1 class=\"wp-block-heading\"><a href=\"https:\/\/leverforeningen.dk\/\">Leverforeningen<\/a><\/h1>\n\n\n\n<p>Foreningen varetager interesserne for leversyge, levertransplanterede og deres p\u00e5r\u00f8rende.<\/p>\n\n\n\n<h1 class=\"wp-block-heading\"><a href=\"https:\/\/muskelsvindfonden.dk\/\">Muskelsvindfonden<\/a><\/h1>\n\n\n\n<p>Muskelsvindfonden er en forening skabt af mennesker med muskelsvind for at styrke alle, der har muskelsvind inde p\u00e5 livet.<\/p>\n\n\n\n<h1 class=\"wp-block-heading\"><a href=\"https:\/\/www.nyre.dk\/\">Nyreforeningen<\/a><\/h1>\n\n\n\n<p>Nyreforeningen er en dansk patientforening og interesseorganisation, der har til form\u00e5l at varetage interesserne for nyre- og urinvejssyge, p\u00e5r\u00f8rende og donorer.<\/p>\n\n\n\n<h1 class=\"wp-block-heading\"><a href=\"https:\/\/www.ordblindeforeningen.dk\/\">Ordblindeforeningen<\/a><\/h1>\n\n\n\n<p>Foreningens form\u00e5l er at varetage interesser for mennesker med ordblindhed \/ dysleks<\/p>\n\n\n\n<h1 class=\"wp-block-heading\"><a href=\"https:\/\/www.osteoporose.dk\/\">Osteoporoseforeningen <\/a>arbejder for, at f\u00e6rre f\u00e5r knoglesk\u00f8rhed,<\/h1>\n\n\n\n<h1 class=\"wp-block-heading\"><a href=\"https:\/\/parkinson.dk\/\">Parkinsonforeningen<\/a><\/h1>\n\n\n\n<p>Parkinsonforeningen er en patientforening, som arbejder aktivt for at sikre parkinsonramte og deres p\u00e5r\u00f8rende bedre livsvilk\u00e5r.<\/p>\n\n\n\n<h1 class=\"wp-block-heading\"><a href=\"https:\/\/www.polio.dk\/\">PolioForeningen<\/a><\/h1>\n\n\n\n<p>PolioForeningen er en f\u00e6lles stemme for de 10.000 danskere, der har alvorlige f\u00f8lger efter polio.<\/p>\n\n\n\n<h1 class=\"wp-block-heading\"><a href=\"https:\/\/www.psoriasis.dk\/\">Psoriasisforeningen<\/a><\/h1>\n\n\n\n<p>Psoriasisforeningen er en humanit\u00e6r forening. Vi arbejder for at udbrede kendskabet til psoriasis og psoriasisgigt<\/p>\n\n\n\n<h1 class=\"wp-block-heading\"><a href=\"https:\/\/sumh.dk\/\">Sammenslutningen af Unge Med Handicap<\/a><\/h1>\n\n\n\n<p>Sammenslutningen af Unge Med Handicap (SUMH) er en politisk paraplyorganisation for og af unge med handicap.<\/p>\n\n\n\n<h1 class=\"wp-block-heading\"><a href=\"https:\/\/www.scleroseforeningen.dk\/\">Scleroseforeningen<\/a><\/h1>\n\n\n\n<p>Scleroseforeningen arbejder for en verden uden sclerose.<\/p>\n\n\n\n<h1 class=\"wp-block-heading\"><a href=\"https:\/\/sind.dk\/\">SIND &#8211; Landsforeningen for psykisk sundhed<\/a><\/h1>\n\n\n\n<p>SIND &#8211; Landsforeningen for psykisk sundheds<\/p>\n\n\n\n<p><\/p>\n","protected":false},"excerpt":{"rendered":"<p>AADHD-foreningen arbejder for at forbedre forholdene for mennesker med ADHD og deres p\u00e5r\u00f8rende. Astma-Allergi Danmark Astma-Allergi Danmark arbejder for, at alle ber\u00f8rt af astma, allergi, h\u00f8feber og eksem f\u00e5r en bedre hverdag Autismeforeningen Foreningen arbejder for at udbrede kendskab til autisme og forst\u00e5else for de vanskeligheder, autisme medf\u00f8rer. Colitis-Crohn Foreningen Colitis-Crohn Foreningen er en patientforening [&hellip;]<\/p>\n","protected":false},"author":1,"featured_media":0,"parent":0,"menu_order":0,"comment_status":"closed","ping_status":"closed","template":"","meta":{"footnotes":""},"class_list":["post-109","page","type-page","status-publish","hentry"],"_links":{"self":[{"href":"http:\/\/rulmed.dk\/index.php\/wp-json\/wp\/v2\/pages\/109","targetHints":{"allow":["GET"]}}],"collection":[{"href":"http:\/\/rulmed.dk\/index.php\/wp-json\/wp\/v2\/pages"}],"about":[{"href":"http:\/\/rulmed.dk\/index.php\/wp-json\/wp\/v2\/types\/page"}],"author":[{"embeddable":true,"href":"http:\/\/rulmed.dk\/index.php\/wp-json\/wp\/v2\/users\/1"}],"replies":[{"embeddable":true,"href":"http:\/\/rulmed.dk\/index.php\/wp-json\/wp\/v2\/comments?post=109"}],"version-history":[{"count":12,"href":"http:\/\/rulmed.dk\/index.php\/wp-json\/wp\/v2\/pages\/109\/revisions"}],"predecessor-version":[{"id":122,"href":"http:\/\/rulmed.dk\/index.php\/wp-json\/wp\/v2\/pages\/109\/revisions\/122"}],"wp:attachment":[{"href":"http:\/\/rulmed.dk\/index.php\/wp-json\/wp\/v2\/media?parent=109"}],"curies":[{"name":"wp","href":"https:\/\/api.w.org\/{rel}","templated":true}]}}