{"id":2,"date":"2025-05-07T18:12:00","date_gmt":"2025-05-07T18:12:00","guid":{"rendered":"http:\/\/rulmed.dk\/?page_id=2"},"modified":"2025-05-07T17:17:18","modified_gmt":"2025-05-07T17:17:18","slug":"sample-page","status":"publish","type":"page","link":"http:\/\/rulmed.dk\/index.php\/sample-page\/","title":{"rendered":"Frihed til alle"},"content":{"rendered":"\n<p><\/p>\n\n\n\n<hr class=\"wp-block-separator has-alpha-channel-opacity\"\/>\n\n\n\n<h3 class=\"wp-block-heading\">Frihed til alle \u2013 ogs\u00e5 handicappede<\/h3>\n\n\n\n<p>Frihed er en grundl\u00e6ggende menneskeret, men for mange med handicap er den stadig ikke en selvf\u00f8lge. Hverdagen er ofte pr\u00e6get af fysiske barrierer, utilg\u00e6ngelig transport, og systemer der ikke tager h\u00f8jde for individuelle behov. Det skal vi lave om p\u00e5.<\/p>\n\n\n\n<p>Denne blog s\u00e6tter fokus p\u00e5 retten til selvst\u00e6ndighed, mobilitet og deltagelse \u2013 uanset fysiske foruds\u00e6tninger. Her deler jeg historier, oplevelser og indsigter fra livet som k\u00f8restolsbruger i Danmark, med s\u00e6rligt fokus p\u00e5 rejser, tilg\u00e6ngelighed og kampen for lige vilk\u00e5r.<\/p>\n\n\n\n<p>Frihed er ikke luksus \u2013 det er n\u00f8dvendighed. Og den skal g\u00e6lde for alle.<\/p>\n\n\n\n<hr class=\"wp-block-separator has-alpha-channel-opacity\"\/>\n\n\n\n<div class=\"wp-block-group has-global-padding is-layout-constrained wp-block-group-is-layout-constrained\">\n<p><\/p>\n<\/div>\n\n\n\n<p><\/p>\n","protected":false},"excerpt":{"rendered":"<p>Frihed til alle \u2013 ogs\u00e5 handicappede Frihed er en grundl\u00e6ggende menneskeret, men for mange med handicap er den stadig ikke en selvf\u00f8lge. Hverdagen er ofte pr\u00e6get af fysiske barrierer, utilg\u00e6ngelig transport, og systemer der ikke tager h\u00f8jde for individuelle behov. Det skal vi lave om p\u00e5. Denne blog s\u00e6tter fokus p\u00e5 retten til selvst\u00e6ndighed, mobilitet [&hellip;]<\/p>\n","protected":false},"author":1,"featured_media":14,"parent":0,"menu_order":0,"comment_status":"closed","ping_status":"open","template":"","meta":{"footnotes":""},"class_list":["post-2","page","type-page","status-publish","has-post-thumbnail","hentry"],"_links":{"self":[{"href":"http:\/\/rulmed.dk\/index.php\/wp-json\/wp\/v2\/pages\/2","targetHints":{"allow":["GET"]}}],"collection":[{"href":"http:\/\/rulmed.dk\/index.php\/wp-json\/wp\/v2\/pages"}],"about":[{"href":"http:\/\/rulmed.dk\/index.php\/wp-json\/wp\/v2\/types\/page"}],"author":[{"embeddable":true,"href":"http:\/\/rulmed.dk\/index.php\/wp-json\/wp\/v2\/users\/1"}],"replies":[{"embeddable":true,"href":"http:\/\/rulmed.dk\/index.php\/wp-json\/wp\/v2\/comments?post=2"}],"version-history":[{"count":4,"href":"http:\/\/rulmed.dk\/index.php\/wp-json\/wp\/v2\/pages\/2\/revisions"}],"predecessor-version":[{"id":32,"href":"http:\/\/rulmed.dk\/index.php\/wp-json\/wp\/v2\/pages\/2\/revisions\/32"}],"wp:featuredmedia":[{"embeddable":true,"href":"http:\/\/rulmed.dk\/index.php\/wp-json\/wp\/v2\/media\/14"}],"wp:attachment":[{"href":"http:\/\/rulmed.dk\/index.php\/wp-json\/wp\/v2\/media?parent=2"}],"curies":[{"name":"wp","href":"https:\/\/api.w.org\/{rel}","templated":true}]}}