{"id":231,"date":"2025-06-27T06:53:59","date_gmt":"2025-06-27T06:53:59","guid":{"rendered":"https:\/\/rulmed.dk\/?page_id=231"},"modified":"2025-06-27T06:53:59","modified_gmt":"2025-06-27T06:53:59","slug":"vedtaegter","status":"publish","type":"page","link":"https:\/\/rulmed.dk\/index.php\/vedtaegter\/","title":{"rendered":"Vedt\u00e6gter"},"content":{"rendered":"\n<p>Vedt\u00e6gter for Foreningen rulmed.dk<br>\u00a71. Navn, hjemsted og CVR-nummer<br>Foreningens navn er rulmed.dk.<br>Foreningen har hjemsted i Hj\u00f8rring Kommune.<br>Foreningen er registreret med CVR-nr. 45632784.<br>\u00a72. Form\u00e5l<br>Foreningens form\u00e5l er:<\/p>\n\n\n\n<ul class=\"wp-block-list\">\n<li>At fremme synlighed, f\u00e6llesskab og viden om tilg\u00e6ngelighed, mobilitet og selvst\u00e6ndighed for mennesker<br>med handicap.<\/li>\n\n\n\n<li>At st\u00f8tte og udvikle projekter, initiativer og arrangementer, som bidrager til inklusion, selvhjulpenhed og<br>inspiration.<\/li>\n\n\n\n<li>At fungere som platform for netv\u00e6rk, vidensdeling og formidling gennem f.eks. sociale medier, events og<br>samarbejde.<br>\u00a73. Medlemskab<\/li>\n<\/ul>\n\n\n\n<ol class=\"wp-block-list\">\n<li>Foreningen har to typer medlemskab:<\/li>\n<\/ol>\n\n\n\n<ul class=\"wp-block-list\">\n<li>Almindelige medlemmer: Private personer, der st\u00f8tter foreningens form\u00e5l. Almindelige medlemmer har<br>stemmeret og kan v\u00e6lges til bestyrelsen.<\/li>\n\n\n\n<li>Erhvervsmedlemmer: Virksomheder, institutioner og organisationer, som \u00f8nsker at st\u00f8tte foreningen.<br>Erhvervsmedlemmer har ikke stemmeret og kan ikke v\u00e6lges til bestyrelsen.<\/li>\n<\/ul>\n\n\n\n<ol class=\"wp-block-list\">\n<li>Medlemskab opn\u00e5s ved tilmelding og betaling af det \u00e5rlige kontingent.<\/li>\n\n\n\n<li>Medlemskontingent for begge medlemstyper fasts\u00e6ttes p\u00e5 generalforsamlingen.<\/li>\n\n\n\n<li>Udmeldelse skal ske skriftligt til bestyrelsen.<br>\u00a74. Generalforsamling<\/li>\n\n\n\n<li>Generalforsamlingen er foreningens \u00f8verste myndighed.<\/li>\n\n\n\n<li>Ordin\u00e6r generalforsamling afholdes \u00e9n gang \u00e5rligt inden udgangen af marts og indkaldes med mindst 4<br>ugers varsel via e-mail og foreningens hjemmeside.<\/li>\n\n\n\n<li>Dagsorden for den ordin\u00e6re generalforsamling skal mindst indeholde:<\/li>\n<\/ol>\n\n\n\n<ul class=\"wp-block-list\">\n<li>Valg af dirigent<\/li>\n\n\n\n<li>Formandens beretning<\/li>\n\n\n\n<li>Freml\u00e6ggelse og godkendelse af regnskab<\/li>\n\n\n\n<li>Fasts\u00e6ttelse af kontingent<\/li>\n\n\n\n<li>Indkomne forslag<\/li>\n\n\n\n<li>Valg til bestyrelsen (dog ikke formand, jf. \u00a76 stk. 2)<\/li>\n\n\n\n<li>Eventuelt<\/li>\n<\/ul>\n\n\n\n<ol class=\"wp-block-list\">\n<li>Kun almindelige medlemmer med gyldigt medlemskab har stemmeret. Hvert almindeligt medlem har \u00e9n<br>stemme. Der kan ikke stemmes ved fuldmagt.<br>Vedt\u00e6gter for Foreningen rulmed.dk<br>\u00a75. Ekstraordin\u00e6r generalforsamling<br>Ekstraordin\u00e6r generalforsamling kan indkaldes af bestyrelsen eller n\u00e5r mindst 25% af de almindelige<br>medlemmer frems\u00e6tter skriftligt krav herom med angivelse af dagsorden.<br>\u00a76. Bestyrelse<\/li>\n\n\n\n<li>Foreningen ledes af en bestyrelse best\u00e5ende af 3-7 medlemmer valgt p\u00e5 generalforsamlingen for to \u00e5r ad<br>gangen. Genvalg kan finde sted.<\/li>\n\n\n\n<li>Foreningens stifter, Henrik Guldberg Lauridsen, er permanent formand for foreningen, s\u00e5 l\u00e6nge han<br>\u00f8nsker det. Hans formandspost kan ikke bringes til afstemning, medmindre han selv \u00f8nsker at fratr\u00e6de.<\/li>\n\n\n\n<li>Bestyrelsen konstituerer sig selv med n\u00e6stformand, kasserer og \u00f8vrige roller.<\/li>\n\n\n\n<li>Bestyrelsen er beslutningsdygtig, n\u00e5r mindst halvdelen af medlemmerne er til stede.<\/li>\n\n\n\n<li>Der f\u00f8res beslutningsreferat over bestyrelsens m\u00f8der.<br>\u00a77. \u00d8konomi og regnskab<\/li>\n\n\n\n<li>Foreningens regnskabs\u00e5r f\u00f8lger kalender\u00e5ret.<\/li>\n\n\n\n<li>Foreningens midler m\u00e5 alene anvendes i overensstemmelse med form\u00e5let.<\/li>\n\n\n\n<li>Der f\u00f8res regnskab over foreningens indt\u00e6gter og udgifter, som freml\u00e6gges til godkendelse p\u00e5<br>generalforsamlingen.<br>\u00a78. Tegningsret og h\u00e6ftelse<\/li>\n\n\n\n<li>Foreningen tegnes af formanden og \u00e9t bestyrelsesmedlem i forening.<\/li>\n\n\n\n<li>Foreningens medlemmer og bestyrelsesmedlemmer h\u00e6fter ikke personligt for foreningens forpligtelser.<br>\u00a79. Vedt\u00e6gts\u00e6ndringer<\/li>\n\n\n\n<li>\u00c6ndringer af vedt\u00e6gterne kan vedtages p\u00e5 en generalforsamling med 2\/3 flertal blandt de fremm\u00f8dte<br>almindelige medlemmer.<\/li>\n\n\n\n<li>Forslag til vedt\u00e6gts\u00e6ndringer skal udsendes mindst 14 dage f\u00f8r generalforsamlingen.<br>\u00a710. Opl\u00f8sning<\/li>\n\n\n\n<li>Beslutning om opl\u00f8sning af foreningen kr\u00e6ver 2\/3 flertal blandt de fremm\u00f8dte almindelige medlemmer p\u00e5<br>to p\u00e5 hinanden f\u00f8lgende generalforsamlinger med mindst 14 dages mellemrum.<\/li>\n\n\n\n<li>Ved opl\u00f8sning overg\u00e5r eventuel formue til en almennyttig organisation, der arbejder for handicappedes vilk\u00e5r.<\/li>\n<\/ol>\n","protected":false},"excerpt":{"rendered":"<p>Vedt\u00e6gter for Foreningen rulmed.dk\u00a71. Navn, hjemsted og CVR-nummerForeningens navn er rulmed.dk.Foreningen har hjemsted i Hj\u00f8rring Kommune.Foreningen er registreret med CVR-nr. 45632784.\u00a72. Form\u00e5lForeningens form\u00e5l er:<\/p>\n","protected":false},"author":1,"featured_media":0,"parent":0,"menu_order":0,"comment_status":"closed","ping_status":"closed","template":"","meta":{"footnotes":""},"class_list":["post-231","page","type-page","status-publish","hentry"],"_links":{"self":[{"href":"https:\/\/rulmed.dk\/index.php\/wp-json\/wp\/v2\/pages\/231","targetHints":{"allow":["GET"]}}],"collection":[{"href":"https:\/\/rulmed.dk\/index.php\/wp-json\/wp\/v2\/pages"}],"about":[{"href":"https:\/\/rulmed.dk\/index.php\/wp-json\/wp\/v2\/types\/page"}],"author":[{"embeddable":true,"href":"https:\/\/rulmed.dk\/index.php\/wp-json\/wp\/v2\/users\/1"}],"replies":[{"embeddable":true,"href":"https:\/\/rulmed.dk\/index.php\/wp-json\/wp\/v2\/comments?post=231"}],"version-history":[{"count":1,"href":"https:\/\/rulmed.dk\/index.php\/wp-json\/wp\/v2\/pages\/231\/revisions"}],"predecessor-version":[{"id":232,"href":"https:\/\/rulmed.dk\/index.php\/wp-json\/wp\/v2\/pages\/231\/revisions\/232"}],"wp:attachment":[{"href":"https:\/\/rulmed.dk\/index.php\/wp-json\/wp\/v2\/media?parent=231"}],"curies":[{"name":"wp","href":"https:\/\/api.w.org\/{rel}","templated":true}]}}